{"id":3294,"date":"2017-06-10T08:25:52","date_gmt":"2017-06-10T06:25:52","guid":{"rendered":"https:\/\/cvjecarnica-cavar.com\/kontakt\/"},"modified":"2023-06-30T12:40:36","modified_gmt":"2023-06-30T10:40:36","slug":"contact","status":"publish","type":"page","link":"https:\/\/cvjecarnica-cavar.com\/en\/contact\/","title":{"rendered":"Contact"},"content":{"rendered":"\t\t<div data-elementor-type=\"wp-page\" data-elementor-id=\"3294\" class=\"elementor elementor-3294 elementor-1713\">\n\t\t\t\t\t\t\t\t\t<section class=\"elementor-section elementor-top-section elementor-element elementor-element-2bb3de9 elementor-section-boxed elementor-section-height-default elementor-section-height-default\" data-id=\"2bb3de9\" data-element_type=\"section\">\n\t\t\t\t\t\t<div class=\"elementor-container elementor-column-gap-default\">\n\t\t\t\t\t<div class=\"elementor-column elementor-col-25 elementor-top-column elementor-element elementor-element-b4bc821\" data-id=\"b4bc821\" data-element_type=\"column\">\n\t\t\t<div class=\"elementor-widget-wrap elementor-element-populated\">\n\t\t\t\t\t\t\t\t<div class=\"elementor-element elementor-element-cf6abda elementor-widget elementor-widget-cz_service_box\" data-id=\"cf6abda\" data-element_type=\"widget\" data-widget_type=\"cz_service_box.default\">\n\t\t\t\t<div class=\"elementor-widget-container\">\n\t\t\t<a href=\"mailto:cvjecarnica.cavar@gmail.com\"><div class=\"services clr style1 left\"><div class=\"service_custom\"><i class=\"fas fa-envelope\"><\/i><\/div><div class=\"service_text\"><h3>Email<\/h3><div class=\"cz_wpe_content\"><span style=\"color: #262600;\">cvjecarnica.cavar@gmail.com<\/span><\/div><\/div><\/div><\/a>\t\t<\/div>\n\t\t\t\t<\/div>\n\t\t\t\t\t<\/div>\n\t\t<\/div>\n\t\t\t\t<div class=\"elementor-column elementor-col-25 elementor-top-column elementor-element elementor-element-1530fcb\" data-id=\"1530fcb\" data-element_type=\"column\">\n\t\t\t<div class=\"elementor-widget-wrap elementor-element-populated\">\n\t\t\t\t\t\t\t\t<div class=\"elementor-element elementor-element-04d1e99 elementor-widget elementor-widget-cz_service_box\" data-id=\"04d1e99\" data-element_type=\"widget\" data-widget_type=\"cz_service_box.default\">\n\t\t\t\t<div class=\"elementor-widget-container\">\n\t\t\t<a href=\"tel:036644662\"><div class=\"services clr style1 left\"><div class=\"service_custom\"><i class=\"fas fa-fax\"><\/i><\/div><div class=\"service_text\"><h3>Telephone\/Fax<\/h3><div class=\"cz_wpe_content\"><span style=\"color: #262600;\">036 644 662<\/span><\/div><\/div><\/div><\/a>\t\t<\/div>\n\t\t\t\t<\/div>\n\t\t\t\t\t<\/div>\n\t\t<\/div>\n\t\t\t\t<div class=\"elementor-column elementor-col-25 elementor-top-column elementor-element elementor-element-2acc52a\" data-id=\"2acc52a\" data-element_type=\"column\">\n\t\t\t<div class=\"elementor-widget-wrap elementor-element-populated\">\n\t\t\t\t\t\t\t\t<div class=\"elementor-element elementor-element-af6c607 elementor-widget elementor-widget-cz_service_box\" data-id=\"af6c607\" data-element_type=\"widget\" data-widget_type=\"cz_service_box.default\">\n\t\t\t\t<div class=\"elementor-widget-container\">\n\t\t\t<div class=\"services clr style1 left\"><div class=\"service_custom\"><i class=\"fa fa-phone\"><\/i><\/div><div class=\"service_text\"><h3>Mobile phone<\/h3><div class=\"cz_wpe_content\"><a href=\"tel:063424447\"><span style=\"color: #262600;\">063 424 447<\/span><\/a><br>\n<a href=\"tel:+38763360901\"><span style=\"color: #262600;\">063 360 901<\/span><\/a><\/div><\/div><\/div>\t\t<\/div>\n\t\t\t\t<\/div>\n\t\t\t\t\t<\/div>\n\t\t<\/div>\n\t\t\t\t<div class=\"elementor-column elementor-col-25 elementor-top-column elementor-element elementor-element-6f97017\" data-id=\"6f97017\" data-element_type=\"column\">\n\t\t\t<div class=\"elementor-widget-wrap elementor-element-populated\">\n\t\t\t\t\t\t\t\t<div class=\"elementor-element elementor-element-042b15f elementor-widget elementor-widget-cz_service_box\" data-id=\"042b15f\" data-element_type=\"widget\" data-widget_type=\"cz_service_box.default\">\n\t\t\t\t<div class=\"elementor-widget-container\">\n\t\t\t<a href=\"https:\/\/goo.gl\/maps\/5SZqo4Bb7dYQpK5PA\"><div class=\"services clr style1 left\"><div class=\"service_custom\"><i class=\"fa fa-map-marker\"><\/i><\/div><div class=\"service_text\"><h3>Address<\/h3><div class=\"cz_wpe_content\"><span style=\"color: #262600;\">Ulica kralja Tomislava 110, \u010citluk\n<\/span><\/div><\/div><\/div><\/a>\t\t<\/div>\n\t\t\t\t<\/div>\n\t\t\t\t\t<\/div>\n\t\t<\/div>\n\t\t\t\t\t\t\t<\/div>\n\t\t<\/section>\n\t\t\t\t<section class=\"elementor-section elementor-top-section elementor-element elementor-element-a6f9a37 elementor-section-full_width elementor-section-stretched elementor-section-height-default elementor-section-height-default\" data-id=\"a6f9a37\" data-element_type=\"section\" data-settings=\"{&quot;stretch_section&quot;:&quot;section-stretched&quot;}\">\n\t\t\t\t\t\t<div class=\"elementor-container elementor-column-gap-default\">\n\t\t\t\t\t<div class=\"elementor-column elementor-col-100 elementor-top-column elementor-element elementor-element-a25dfda\" data-id=\"a25dfda\" data-element_type=\"column\">\n\t\t\t<div class=\"elementor-widget-wrap elementor-element-populated\">\n\t\t\t\t\t\t\t\t<div class=\"elementor-element elementor-element-c120420 elementor-widget elementor-widget-google_maps\" data-id=\"c120420\" data-element_type=\"widget\" data-widget_type=\"google_maps.default\">\n\t\t\t\t<div class=\"elementor-widget-container\">\n\t\t\t<style>\/*! elementor - v3.7.8 - 02-10-2022 *\/\n.elementor-widget-google_maps .elementor-widget-container{overflow:hidden}.elementor-widget-google_maps iframe{height:300px}<\/style>\t\t<div class=\"elementor-custom-embed\">\n\t\t\t<iframe frameborder=\"0\" scrolling=\"no\" marginheight=\"0\" marginwidth=\"0\"\n\t\t\t\t\tsrc=\"https:\/\/maps.google.com\/maps?q=Cvje%C4%87arnica%20%C4%86avar%2C%20Kralja%20Tomislava%2C%20%C4%8Citlu&#038;t=m&#038;z=15&#038;output=embed&#038;iwloc=near\"\n\t\t\t\t\ttitle=\"Cvje\u0107arnica \u0106avar, Kralja Tomislava, \u010citlu\"\n\t\t\t\t\taria-label=\"Cvje\u0107arnica \u0106avar, Kralja Tomislava, \u010citlu\"\n\t\t\t><\/iframe>\n\t\t<\/div>\n\t\t\t\t<\/div>\n\t\t\t\t<\/div>\n\t\t\t\t\t<\/div>\n\t\t<\/div>\n\t\t\t\t\t\t\t<\/div>\n\t\t<\/section>\n\t\t\t\t<section class=\"elementor-section elementor-top-section elementor-element elementor-element-57e66ac elementor-section-boxed elementor-section-height-default elementor-section-height-default\" data-id=\"57e66ac\" data-element_type=\"section\">\n\t\t\t\t\t\t<div class=\"elementor-container elementor-column-gap-default\">\n\t\t\t\t\t<div class=\"elementor-column elementor-col-33 elementor-top-column elementor-element elementor-element-4bbe583\" data-id=\"4bbe583\" data-element_type=\"column\">\n\t\t\t<div class=\"elementor-widget-wrap\">\n\t\t\t\t\t\t\t\t\t<\/div>\n\t\t<\/div>\n\t\t\t\t<div class=\"elementor-column elementor-col-33 elementor-top-column elementor-element elementor-element-5435f78\" data-id=\"5435f78\" data-element_type=\"column\">\n\t\t\t<div class=\"elementor-widget-wrap elementor-element-populated\">\n\t\t\t\t\t\t\t\t<div class=\"elementor-element elementor-element-25356f5 elementor-widget elementor-widget-cz_contact_form_7\" data-id=\"25356f5\" data-element_type=\"widget\" data-widget_type=\"cz_contact_form_7.default\">\n\t\t\t\t<div class=\"elementor-widget-container\">\n\t\t\t\t\t<div class=\"cz_cf7 clr\">\r\n\t\t\t<div><div role=\"form\" class=\"wpcf7\" id=\"wpcf7-f3466-o1\" lang=\"en-US\" dir=\"ltr\">\n<div class=\"screen-reader-response\"><p role=\"status\" aria-live=\"polite\" aria-atomic=\"true\"><\/p> <ul><\/ul><\/div>\n<form action=\"\/en\/wp-json\/wp\/v2\/pages\/3294#wpcf7-f3466-o1\" method=\"post\" class=\"wpcf7-form init\" novalidate=\"novalidate\" data-status=\"init\">\n<div style=\"display: none;\">\n<input type=\"hidden\" name=\"_wpcf7\" value=\"3466\" \/>\n<input type=\"hidden\" name=\"_wpcf7_version\" value=\"5.6.4\" \/>\n<input type=\"hidden\" name=\"_wpcf7_locale\" value=\"en_US\" \/>\n<input type=\"hidden\" name=\"_wpcf7_unit_tag\" value=\"wpcf7-f3466-o1\" \/>\n<input type=\"hidden\" name=\"_wpcf7_container_post\" value=\"0\" \/>\n<input type=\"hidden\" name=\"_wpcf7_posted_data_hash\" value=\"\" \/>\n<input type=\"hidden\" name=\"_wpcf7_recaptcha_response\" value=\"\" \/>\n<\/div>\n<p><span class=\"wpcf7-form-control-wrap\" data-name=\"your-name\"><input type=\"text\" name=\"your-name\" value=\"\" size=\"40\" class=\"wpcf7-form-control wpcf7-text wpcf7-validates-as-required\" aria-required=\"true\" aria-invalid=\"false\" placeholder=\"Your name (*)\" \/><\/span><\/p>\n<p><span class=\"wpcf7-form-control-wrap\" data-name=\"your-email\"><input type=\"email\" name=\"your-email\" value=\"\" size=\"40\" class=\"wpcf7-form-control wpcf7-text wpcf7-email wpcf7-validates-as-required wpcf7-validates-as-email\" aria-required=\"true\" aria-invalid=\"false\" placeholder=\"Your email (*)\" \/><\/span><\/p>\n<p><span class=\"wpcf7-form-control-wrap\" data-name=\"your-phone\"><input type=\"text\" name=\"your-phone\" value=\"\" size=\"40\" class=\"wpcf7-form-control wpcf7-text\" aria-invalid=\"false\" placeholder=\"Mobile number (*)\" \/><\/span><\/p>\n<p><span class=\"wpcf7-form-control-wrap\" data-name=\"your-subject\"><input type=\"text\" name=\"your-subject\" value=\"\" size=\"40\" class=\"wpcf7-form-control wpcf7-text wpcf7-validates-as-required\" aria-required=\"true\" aria-invalid=\"false\" placeholder=\"Case (*)\" \/><\/span><\/p>\n<p><span class=\"wpcf7-form-control-wrap\" data-name=\"your-message\"><textarea name=\"your-message\" cols=\"40\" rows=\"10\" class=\"wpcf7-form-control wpcf7-textarea\" aria-invalid=\"false\" placeholder=\"Your question\"><\/textarea><\/span><\/p>\n<p><input type=\"submit\" value=\"Send\" class=\"wpcf7-form-control has-spinner wpcf7-submit\" \/><\/p>\n<div class=\"wpcf7-response-output\" aria-hidden=\"true\"><\/div><\/form><\/div><\/div>\r\n\t\t<\/div>\r\n\t\t\t\t<\/div>\n\t\t\t\t<\/div>\n\t\t\t\t\t<\/div>\n\t\t<\/div>\n\t\t\t\t<div class=\"elementor-column elementor-col-33 elementor-top-column elementor-element elementor-element-0f1efda\" data-id=\"0f1efda\" data-element_type=\"column\">\n\t\t\t<div class=\"elementor-widget-wrap\">\n\t\t\t\t\t\t\t\t\t<\/div>\n\t\t<\/div>\n\t\t\t\t\t\t\t<\/div>\n\t\t<\/section>\n\t\t\t\t\t\t\t<\/div>\n\t\t","protected":false},"excerpt":{"rendered":"<p>&nbsp; Email cvjecarnica.cavar@gmail.com Telephone\/Fax 036 644 662 Mobile phone 063 424 &#8230; <\/p>\n","protected":false},"author":1,"featured_media":0,"parent":0,"menu_order":0,"comment_status":"closed","ping_status":"closed","template":"","meta":[],"aioseo_notices":[],"_links":{"self":[{"href":"https:\/\/cvjecarnica-cavar.com\/en\/wp-json\/wp\/v2\/pages\/3294"}],"collection":[{"href":"https:\/\/cvjecarnica-cavar.com\/en\/wp-json\/wp\/v2\/pages"}],"about":[{"href":"https:\/\/cvjecarnica-cavar.com\/en\/wp-json\/wp\/v2\/types\/page"}],"author":[{"embeddable":true,"href":"https:\/\/cvjecarnica-cavar.com\/en\/wp-json\/wp\/v2\/users\/1"}],"replies":[{"embeddable":true,"href":"https:\/\/cvjecarnica-cavar.com\/en\/wp-json\/wp\/v2\/comments?post=3294"}],"version-history":[{"count":9,"href":"https:\/\/cvjecarnica-cavar.com\/en\/wp-json\/wp\/v2\/pages\/3294\/revisions"}],"predecessor-version":[{"id":3546,"href":"https:\/\/cvjecarnica-cavar.com\/en\/wp-json\/wp\/v2\/pages\/3294\/revisions\/3546"}],"wp:attachment":[{"href":"https:\/\/cvjecarnica-cavar.com\/en\/wp-json\/wp\/v2\/media?parent=3294"}],"curies":[{"name":"wp","href":"https:\/\/api.w.org\/{rel}","templated":true}]}}