{"id":3220,"date":"2017-06-10T08:24:41","date_gmt":"2017-06-10T06:24:41","guid":{"rendered":"https:\/\/cvjecarnica-cavar.com\/o-nama\/"},"modified":"2023-06-30T12:31:35","modified_gmt":"2023-06-30T10:31:35","slug":"chi-siamo","status":"publish","type":"page","link":"https:\/\/cvjecarnica-cavar.com\/it\/chi-siamo\/","title":{"rendered":"Chi siamo"},"content":{"rendered":"\t\t<div data-elementor-type=\"wp-page\" data-elementor-id=\"3220\" class=\"elementor elementor-3220 elementor-1712\">\n\t\t\t\t\t\t\t\t\t<section class=\"elementor-section elementor-top-section elementor-element elementor-element-c9a207b elementor-section-boxed elementor-section-height-default elementor-section-height-default\" data-id=\"c9a207b\" data-element_type=\"section\">\n\t\t\t\t\t\t<div class=\"elementor-container elementor-column-gap-default\">\n\t\t\t\t\t<div class=\"elementor-column elementor-col-50 elementor-top-column elementor-element elementor-element-689e076\" data-id=\"689e076\" data-element_type=\"column\">\n\t\t\t<div class=\"elementor-widget-wrap elementor-element-populated\">\n\t\t\t\t\t\t\t\t<div class=\"elementor-element elementor-element-b9f3978 elementor-widget elementor-widget-cz_title\" data-id=\"b9f3978\" data-element_type=\"widget\" data-widget_type=\"cz_title.default\">\n\t\t\t\t<div class=\"elementor-widget-container\">\n\t\t\t\t\r\n\t\t<div>\r\n\t\t\t<div class=\"cz_title clr cz_mobile_text_center cz_title_pos_inline\"><div class=\"cz_title_content\"><div class=\"cz_wpe_content\"><h2><span style=\"color: #edd502; font-size: 48px; font-family: Sorts Mill Goudy;\">Chi siamo <\/span><\/h2>\n<span style=\"color: #262600; font-size: 24px; font-family: Sorts Mill Goudy;\">CHI SIAMO?<\/span><\/div><\/div><\/div>\r\n\t\t<\/div>\r\n\t\t\r\n\t\t\t\t<\/div>\n\t\t\t\t<\/div>\n\t\t\t\t<div class=\"elementor-element elementor-element-965dde5 elementor-widget elementor-widget-cz_title\" data-id=\"965dde5\" data-element_type=\"widget\" data-widget_type=\"cz_title.default\">\n\t\t\t\t<div class=\"elementor-widget-container\">\n\t\t\t\t\r\n\t\t<div>\r\n\t\t\t<div class=\"cz_title clr cz_mobile_text_center cz_title_pos_inline\"><div class=\"cz_title_content\"><div class=\"cz_wpe_content\"><span style=\"color: #262600;\">Il negozio di fiori \u0106avar pu\u00f2 vantare molti anni di esperienza nella realizzazione di composizioni floreali.\nOffriamo bouquet e allestimenti per tutte le occasioni. Realizziamo addobbi per la tavola degli sposi, addobbi per auto,\naddobbi per sale, addobbi per chiese, baveri e bracciali. Offriamo anche diversi tipi di fiori\nscatole, che possono essere riempite con diversi tipi di fiori, a seconda dei vostri desideri.<\/span><\/div><\/div><\/div>\r\n\t\t<\/div>\r\n\t\t\r\n\t\t\t\t<\/div>\n\t\t\t\t<\/div>\n\t\t\t\t<div class=\"elementor-element elementor-element-98c2514 elementor-widget elementor-widget-cz_title\" data-id=\"98c2514\" data-element_type=\"widget\" data-widget_type=\"cz_title.default\">\n\t\t\t\t<div class=\"elementor-widget-container\">\n\t\t\t\t\r\n\t\t<div>\r\n\t\t\t<div class=\"cz_title clr cz_mobile_text_center cz_title_pos_inline\"><div class=\"cz_title_content\"><div class=\"cz_wpe_content\"><span style=\"color: #262600;\">\u00c8 tradizione portare fiori e lanterne sulle tombe dei nostri defunti. Con noi hai una vasta selezione di ikebana di diversi tipi e forme.\n<\/span>\n\n<span style=\"color: #262600;\">Un funerale \u00e8 una cerimonia che commemora la morte di uno o pi\u00f9 cari. Poich\u00e9 offriamo servizi funebri per funerali, offriamo anche ghirlande speciali per i tuoi cari. <\/span><\/div><\/div><\/div>\r\n\t\t<\/div>\r\n\t\t\r\n\t\t\t\t<\/div>\n\t\t\t\t<\/div>\n\t\t\t\t<div class=\"elementor-element elementor-element-487b339 elementor-widget elementor-widget-cz_gap\" data-id=\"487b339\" data-element_type=\"widget\" data-widget_type=\"cz_gap.default\">\n\t\t\t\t<div class=\"elementor-widget-container\">\n\t\t\t<div class=\"cz_gap clr\"><\/div>\t\t<\/div>\n\t\t\t\t<\/div>\n\t\t\t\t<section class=\"elementor-section elementor-inner-section elementor-element elementor-element-47e5c1b elementor-section-boxed elementor-section-height-default elementor-section-height-default\" data-id=\"47e5c1b\" data-element_type=\"section\">\n\t\t\t\t\t\t<div class=\"elementor-container elementor-column-gap-default\">\n\t\t\t\t\t<div class=\"elementor-column elementor-col-50 elementor-inner-column elementor-element elementor-element-123f416\" data-id=\"123f416\" data-element_type=\"column\">\n\t\t\t<div class=\"elementor-widget-wrap elementor-element-populated\">\n\t\t\t\t\t\t\t\t<div class=\"elementor-element elementor-element-133f964 elementor-widget elementor-widget-cz_stylish_list\" data-id=\"133f964\" data-element_type=\"widget\" data-widget_type=\"cz_stylish_list.default\">\n\t\t\t\t<div class=\"elementor-widget-container\">\n\t\t\t<ul class=\"cz_stylish_list clr cz_sl_icon_hover_flash\"><li class=\"elementor-repeater-item-539a83d clr\"><div class=\"cz_sl_icon\"><i class=\"mr10 fa czico-074-tick-inside-circle\"><\/i><\/div><div><span>Mazzi di fiori<\/span><\/div><\/li><li class=\"elementor-repeater-item-3672af8 clr\"><div class=\"cz_sl_icon\"><i class=\"mr10 fa czico-074-tick-inside-circle\"><\/i><\/div><div><span>Allestimenti per matrimoni<\/span><\/div><\/li><li class=\"elementor-repeater-item-ddcbebe clr\"><div class=\"cz_sl_icon\"><i class=\"mr10 fa czico-074-tick-inside-circle\"><\/i><\/div><div><span>Fioriere<\/span><\/div><\/li><\/ul>\t\t<\/div>\n\t\t\t\t<\/div>\n\t\t\t\t\t<\/div>\n\t\t<\/div>\n\t\t\t\t<div class=\"elementor-column elementor-col-50 elementor-inner-column elementor-element elementor-element-6713f17\" data-id=\"6713f17\" data-element_type=\"column\">\n\t\t\t<div class=\"elementor-widget-wrap elementor-element-populated\">\n\t\t\t\t\t\t\t\t<div class=\"elementor-element elementor-element-815b493 elementor-widget elementor-widget-cz_stylish_list\" data-id=\"815b493\" data-element_type=\"widget\" data-widget_type=\"cz_stylish_list.default\">\n\t\t\t\t<div class=\"elementor-widget-container\">\n\t\t\t<ul class=\"cz_stylish_list clr cz_sl_icon_hover_flash\"><li class=\"elementor-repeater-item-e9fd5f9 clr\"><div class=\"cz_sl_icon\"><i class=\"mr10 fa czico-074-tick-inside-circle\"><\/i><\/div><div><span>Disposizioni per i cimiteri<\/span><\/div><\/li><li class=\"elementor-repeater-item-e513327 clr\"><div class=\"cz_sl_icon\"><i class=\"mr10 fa czico-074-tick-inside-circle\"><\/i><\/div><div><span>Disposizioni funebri<\/span><\/div><\/li><li class=\"elementor-repeater-item-2acc2ea clr\"><div class=\"cz_sl_icon\"><i class=\"mr10 fa czico-074-tick-inside-circle\"><\/i><\/div><div><span>Servizi funebri<\/span><\/div><\/li><\/ul>\t\t<\/div>\n\t\t\t\t<\/div>\n\t\t\t\t\t<\/div>\n\t\t<\/div>\n\t\t\t\t\t\t\t<\/div>\n\t\t<\/section>\n\t\t\t\t\t<\/div>\n\t\t<\/div>\n\t\t\t\t<div class=\"elementor-column elementor-col-50 elementor-top-column elementor-element elementor-element-5a3f335\" data-id=\"5a3f335\" data-element_type=\"column\">\n\t\t\t<div class=\"elementor-widget-wrap elementor-element-populated\">\n\t\t\t\t\t\t\t\t<div class=\"elementor-element elementor-element-6dd2a16 elementor-widget elementor-widget-cz_image\" data-id=\"6dd2a16\" data-element_type=\"widget\" data-widget_type=\"cz_image.default\">\n\t\t\t\t<div class=\"elementor-widget-container\">\n\t\t\t\r\n\t\t<div class=\"cz_image clr cz_image_no_fx cz_smart_fs center_on_mobile\">\r\n\r\n\t\t\t<div>\r\n\r\n\t\t\t\t<div class=\"cz_image_in\">\r\n\r\n\t\t\t\t\t<div class=\"cz_main_image\"><img width=\"600\" height=\"600\" src=\"data:image\/svg+xml,%3Csvg%20xmlns%3D&#39;http%3A%2F%2Fwww.w3.org%2F2000%2Fsvg&#39;%20width=&#39;600&#39;%20height=&#39;600&#39;%20viewBox%3D&#39;0%200%20600%20600&#39;%2F%3E\" data-czlz data-src=\"https:\/\/cvjecarnica-cavar.com\/wp-content\/uploads\/2023\/04\/buket.jpg\" class=\"attachment-full size-full\" alt=\"\" \/><\/div>\r\n\r\n\t\t\t\t\t<div class=\"cz_hover_image\"><img width=\"600\" height=\"600\" src=\"data:image\/svg+xml,%3Csvg%20xmlns%3D&#39;http%3A%2F%2Fwww.w3.org%2F2000%2Fsvg&#39;%20width=&#39;600&#39;%20height=&#39;600&#39;%20viewBox%3D&#39;0%200%20600%20600&#39;%2F%3E\" data-czlz data-src=\"https:\/\/cvjecarnica-cavar.com\/wp-content\/uploads\/2023\/04\/buket.jpg\" class=\"attachment-full size-full\" alt=\"\" \/><\/div>\r\n\t\t\t\t<\/div>\r\n\r\n\t\t\t\t<div class=\"cz_image_caption mt10\"><h2 style=\"text-align: center\"><span style=\"color: #ffffff\">23<br> anni\nesperienze<\/span><\/h2>\n<p style=\"text-align: center\"><span style=\"color: #edd502\">I nostri principi guida:<br>\n<\/span><span style=\"color: #edd502\">Professionalit\u00e0, creativit\u00e0 e <\/span><span style=\"color: #edd502\">convenienza<\/span><\/p><\/div>\r\n\t\t\t<\/div>\r\n\r\n\t\t<\/div>\r\n\r\n\t\t\t\t<\/div>\n\t\t\t\t<\/div>\n\t\t\t\t\t<\/div>\n\t\t<\/div>\n\t\t\t\t\t\t\t<\/div>\n\t\t<\/section>\n\t\t\t\t<section class=\"elementor-section elementor-top-section elementor-element elementor-element-72431ab elementor-section-boxed elementor-section-height-default elementor-section-height-default\" data-id=\"72431ab\" data-element_type=\"section\">\n\t\t\t\t\t\t<div class=\"elementor-container elementor-column-gap-default\">\n\t\t\t\t\t<div class=\"elementor-column elementor-col-50 elementor-top-column elementor-element elementor-element-547f648\" data-id=\"547f648\" data-element_type=\"column\">\n\t\t\t<div class=\"elementor-widget-wrap elementor-element-populated\">\n\t\t\t\t\t\t\t\t<div class=\"elementor-element elementor-element-384f152 elementor-widget elementor-widget-cz_title\" data-id=\"384f152\" data-element_type=\"widget\" data-widget_type=\"cz_title.default\">\n\t\t\t\t<div class=\"elementor-widget-container\">\n\t\t\t\t\r\n\t\t<div>\r\n\t\t\t<div class=\"cz_title clr cz_mobile_text_center cz_title_pos_inline\"><div class=\"cz_title_content\"><div class=\"cz_wpe_content\"><h2><span style=\"color: #edd502; font-size: 48px; font-family: Sorts Mill Goudy;\">Servizi funebri<\/span><\/h2>\n<span style=\"color: #262600; font-size: 24px; font-family: Sorts Mill Goudy;\">PERCH\u00c9 SCEGLIERE NOI ? <\/span><\/div><\/div><\/div>\r\n\t\t<\/div>\r\n\t\t\r\n\t\t\t\t<\/div>\n\t\t\t\t<\/div>\n\t\t\t\t<div class=\"elementor-element elementor-element-3165519 elementor-widget elementor-widget-cz_title\" data-id=\"3165519\" data-element_type=\"widget\" data-widget_type=\"cz_title.default\">\n\t\t\t\t<div class=\"elementor-widget-container\">\n\t\t\t\t\r\n\t\t<div>\r\n\t\t\t<div class=\"cz_title clr cz_mobile_text_center cz_title_pos_inline\"><div class=\"cz_title_content\"><div class=\"cz_wpe_content\"><span style=\"color: #262600;\">Nei momenti pi\u00f9 difficili si assume tutte le responsabilit\u00e0 legate all'organizzazione del funerale.\n<\/span>\n<ul>\n \t<li><span style=\"color: #262600;\">Organizzazione completa del funerale<\/span><\/li>\n \t<li><span style=\"color: #262600;\">Trasporto del defunto<\/span><\/li>\n \t<li><span style=\"color: #262600;\">Organizzazione del trasporto internazionale\n<\/span><\/li>\n \t<li><span style=\"color: #262600;\">Disposizione delle pratiche burocratiche complete, organizzazione all'estero e in Bosnia ed Erzegovina<\/span><\/li>\n \t<li><span style=\"color: #262600;\">Necrologi<\/span><\/li>\n \t<li><span style=\"color: #262600;\">Fotografia<\/span><\/li>\n \t<li><span style=\"color: #262600;\">Lembi<\/span><\/li>\n \t<li><span style=\"color: #262600;\">Trombettista<\/span><\/li>\n \t<li><span style=\"color: #262600;\">Cantante solista<\/span><\/li>\n \t<li><span style=\"color: #262600;\">Necrologi online<\/span><\/li>\n<\/ul><\/div><\/div><\/div>\r\n\t\t<\/div>\r\n\t\t\r\n\t\t\t\t<\/div>\n\t\t\t\t<\/div>\n\t\t\t\t\t<\/div>\n\t\t<\/div>\n\t\t\t\t<div class=\"elementor-column elementor-col-50 elementor-top-column elementor-element elementor-element-cc8dc3c\" data-id=\"cc8dc3c\" data-element_type=\"column\">\n\t\t\t<div class=\"elementor-widget-wrap elementor-element-populated\">\n\t\t\t\t\t\t\t\t<div class=\"elementor-element elementor-element-d5a24ad elementor-widget elementor-widget-image\" data-id=\"d5a24ad\" data-element_type=\"widget\" data-widget_type=\"image.default\">\n\t\t\t\t<div class=\"elementor-widget-container\">\n\t\t\t<style>\/*! elementor - v3.7.8 - 02-10-2022 *\/\n.elementor-widget-image{text-align:center}.elementor-widget-image a{display:inline-block}.elementor-widget-image a img[src$=\".svg\"]{width:48px}.elementor-widget-image img{vertical-align:middle;display:inline-block}<\/style>\t\t\t\t\t\t\t\t\t\t\t\t<img width=\"768\" height=\"768\" src=\"data:image\/svg+xml,%3Csvg%20xmlns%3D&#39;http%3A%2F%2Fwww.w3.org%2F2000%2Fsvg&#39;%20width=&#39;768&#39;%20height=&#39;768&#39;%20viewBox%3D&#39;0%200%20768%20768&#39;%2F%3E\" data-czlz data-src=\"https:\/\/cvjecarnica-cavar.com\/wp-content\/uploads\/2023\/04\/auto-za-sahranu1-768x768.png\" class=\"attachment-medium_large size-medium_large\" alt=\"\" data-srcset=\"https:\/\/cvjecarnica-cavar.com\/wp-content\/uploads\/2023\/04\/auto-za-sahranu1-768x768.png 768w, https:\/\/cvjecarnica-cavar.com\/wp-content\/uploads\/2023\/04\/auto-za-sahranu1-300x300.png 300w, https:\/\/cvjecarnica-cavar.com\/wp-content\/uploads\/2023\/04\/auto-za-sahranu1-150x150.png 150w, https:\/\/cvjecarnica-cavar.com\/wp-content\/uploads\/2023\/04\/auto-za-sahranu1-600x600.png 600w, https:\/\/cvjecarnica-cavar.com\/wp-content\/uploads\/2023\/04\/auto-za-sahranu1-100x100.png 100w, https:\/\/cvjecarnica-cavar.com\/wp-content\/uploads\/2023\/04\/elementor\/thumbs\/auto-za-sahranu1-q4y9ojbi79r3dbto5k9106euot4n6clbxsls0pzny0.png 460w, https:\/\/cvjecarnica-cavar.com\/wp-content\/uploads\/2023\/04\/auto-za-sahranu1.png 803w\" data-sizes=\"(max-width: 768px) 100vw, 768px\" \/>\t\t\t\t\t\t\t\t\t\t\t\t\t\t\t<\/div>\n\t\t\t\t<\/div>\n\t\t\t\t\t<\/div>\n\t\t<\/div>\n\t\t\t\t\t\t\t<\/div>\n\t\t<\/section>\n\t\t\t\t<section class=\"elementor-section elementor-top-section elementor-element elementor-element-9d28c78 elementor-section-stretched elementor-section-boxed elementor-section-height-default elementor-section-height-default\" data-id=\"9d28c78\" data-element_type=\"section\" data-settings=\"{&quot;stretch_section&quot;:&quot;section-stretched&quot;,&quot;background_background&quot;:&quot;classic&quot;}\">\n\t\t\t\t\t\t\t<div class=\"elementor-background-overlay\"><\/div>\n\t\t\t\t\t\t\t<div class=\"elementor-container elementor-column-gap-default\">\n\t\t\t\t\t<div class=\"elementor-column elementor-col-100 elementor-top-column elementor-element elementor-element-23f072c\" data-id=\"23f072c\" data-element_type=\"column\">\n\t\t\t<div class=\"elementor-widget-wrap elementor-element-populated\">\n\t\t\t\t\t\t\t\t<div class=\"elementor-element elementor-element-bf01322 elementor-widget elementor-widget-cz_title\" data-id=\"bf01322\" data-element_type=\"widget\" data-widget_type=\"cz_title.default\">\n\t\t\t\t<div class=\"elementor-widget-container\">\n\t\t\t\t\r\n\t\t<div>\r\n\t\t\t<div class=\"cz_title clr cz_title_pos_inline tac\"><div class=\"cz_title_content\"><div class=\"cz_wpe_content\"><h2 style=\"text-align: center;\"><span style=\"color: #ffa800; font-size: 48px; font-family: Sorts Mill Goudy;\"><span style=\"color: #ffffff;\">LE NOSTRE FIGURE<\/span> <\/span><\/h2>\n<p style=\"text-align: center;\"><span style=\"font-family: Sorts Mill Goudy; color: #ffffff; font-size: 24px;\">QUALI SONO I NOSTRI RISULTATI?<\/span><\/p><\/div><\/div><\/div>\r\n\t\t<\/div>\r\n\t\t\r\n\t\t\t\t<\/div>\n\t\t\t\t<\/div>\n\t\t\t\t<section class=\"elementor-section elementor-inner-section elementor-element elementor-element-3c28d63 elementor-section-boxed elementor-section-height-default elementor-section-height-default\" data-id=\"3c28d63\" data-element_type=\"section\">\n\t\t\t\t\t\t<div class=\"elementor-container elementor-column-gap-default\">\n\t\t\t\t\t<div class=\"elementor-column elementor-col-33 elementor-inner-column elementor-element elementor-element-f2b7113\" data-id=\"f2b7113\" data-element_type=\"column\">\n\t\t\t<div class=\"elementor-widget-wrap elementor-element-populated\">\n\t\t\t\t\t\t\t\t<div class=\"elementor-element elementor-element-daebf41 elementor-widget elementor-widget-cz_counter\" data-id=\"daebf41\" data-element_type=\"widget\" data-widget_type=\"cz_counter.default\">\n\t\t\t\t<div class=\"elementor-widget-container\">\n\t\t\t\r\n\t\t<div class=\"cz_counter clr tac cz_2rows\" data-disable-comma=\"\" data-duration=\"3000\" data-delay=\"0000\">\r\n\r\n\t\t\t<div class=\"\">\r\n\t\t\t\t<span class=\"cz_counter_num_wrap\"><span class=\"cz_counter_num\">23<\/span><\/span><span class=\"cz_counter_after\">Anni di esperienza<\/span>\t\t\t<\/div>\r\n\r\n\t\t<\/div>\r\n\r\n\t\t\t\t<\/div>\n\t\t\t\t<\/div>\n\t\t\t\t\t<\/div>\n\t\t<\/div>\n\t\t\t\t<div class=\"elementor-column elementor-col-33 elementor-inner-column elementor-element elementor-element-ca00242\" data-id=\"ca00242\" data-element_type=\"column\">\n\t\t\t<div class=\"elementor-widget-wrap elementor-element-populated\">\n\t\t\t\t\t\t\t\t<div class=\"elementor-element elementor-element-5fc81c1 elementor-widget elementor-widget-cz_counter\" data-id=\"5fc81c1\" data-element_type=\"widget\" data-widget_type=\"cz_counter.default\">\n\t\t\t\t<div class=\"elementor-widget-container\">\n\t\t\t\r\n\t\t<div class=\"cz_counter clr tac cz_2rows\" data-disable-comma=\"\" data-duration=\"3000\" data-delay=\"0000\">\r\n\r\n\t\t\t<div class=\"\">\r\n\t\t\t\t<span class=\"cz_counter_num_wrap\"><span class=\"cz_counter_num\">5000<\/span><\/span><span class=\"cz_counter_after\">Clienti soddisfatti<\/span>\t\t\t<\/div>\r\n\r\n\t\t<\/div>\r\n\r\n\t\t\t\t<\/div>\n\t\t\t\t<\/div>\n\t\t\t\t\t<\/div>\n\t\t<\/div>\n\t\t\t\t<div class=\"elementor-column elementor-col-33 elementor-inner-column elementor-element elementor-element-bd99842\" data-id=\"bd99842\" data-element_type=\"column\">\n\t\t\t<div class=\"elementor-widget-wrap elementor-element-populated\">\n\t\t\t\t\t\t\t\t<div class=\"elementor-element elementor-element-4e1351d elementor-widget elementor-widget-cz_counter\" data-id=\"4e1351d\" data-element_type=\"widget\" data-widget_type=\"cz_counter.default\">\n\t\t\t\t<div class=\"elementor-widget-container\">\n\t\t\t\r\n\t\t<div class=\"cz_counter clr tac cz_2rows\" data-disable-comma=\"\" data-duration=\"3000\" data-delay=\"0000\">\r\n\r\n\t\t\t<div class=\"\">\r\n\t\t\t\t<span class=\"cz_counter_num_wrap\"><span class=\"cz_counter_num\">500<\/span><i>+<\/i><\/span><span class=\"cz_counter_after\">Vari arrangiamenti<\/span>\t\t\t<\/div>\r\n\r\n\t\t<\/div>\r\n\r\n\t\t\t\t<\/div>\n\t\t\t\t<\/div>\n\t\t\t\t\t<\/div>\n\t\t<\/div>\n\t\t\t\t\t\t\t<\/div>\n\t\t<\/section>\n\t\t\t\t\t<\/div>\n\t\t<\/div>\n\t\t\t\t\t\t\t<\/div>\n\t\t<\/section>\n\t\t\t\t\t\t\t<\/div>\n\t\t","protected":false},"excerpt":{"rendered":"<p>Chi siamo CHI SIAMO? Il negozio di fiori \u0106avar pu\u00f2 vantare &#8230; <\/p>\n","protected":false},"author":1,"featured_media":0,"parent":0,"menu_order":0,"comment_status":"closed","ping_status":"closed","template":"","meta":[],"aioseo_notices":[],"_links":{"self":[{"href":"https:\/\/cvjecarnica-cavar.com\/it\/wp-json\/wp\/v2\/pages\/3220"}],"collection":[{"href":"https:\/\/cvjecarnica-cavar.com\/it\/wp-json\/wp\/v2\/pages"}],"about":[{"href":"https:\/\/cvjecarnica-cavar.com\/it\/wp-json\/wp\/v2\/types\/page"}],"author":[{"embeddable":true,"href":"https:\/\/cvjecarnica-cavar.com\/it\/wp-json\/wp\/v2\/users\/1"}],"replies":[{"embeddable":true,"href":"https:\/\/cvjecarnica-cavar.com\/it\/wp-json\/wp\/v2\/comments?post=3220"}],"version-history":[{"count":7,"href":"https:\/\/cvjecarnica-cavar.com\/it\/wp-json\/wp\/v2\/pages\/3220\/revisions"}],"predecessor-version":[{"id":3529,"href":"https:\/\/cvjecarnica-cavar.com\/it\/wp-json\/wp\/v2\/pages\/3220\/revisions\/3529"}],"wp:attachment":[{"href":"https:\/\/cvjecarnica-cavar.com\/it\/wp-json\/wp\/v2\/media?parent=3220"}],"curies":[{"name":"wp","href":"https:\/\/api.w.org\/{rel}","templated":true}]}}